{"id":1319,"date":"2021-11-21T15:14:19","date_gmt":"2021-11-21T15:14:19","guid":{"rendered":"https:\/\/cirugiaplasticabogota.co\/?page_id=1319"},"modified":"2023-12-17T12:39:40","modified_gmt":"2023-12-17T12:39:40","slug":"about","status":"publish","type":"page","link":"https:\/\/cirugiaplasticabogota.co\/?page_id=1319","title":{"rendered":"About"},"content":{"rendered":"\t\t<div data-elementor-type=\"wp-page\" data-elementor-id=\"1319\" class=\"elementor elementor-1319\">\n\t\t\t\t\t\t\t<div class=\"elementor-element elementor-element-dcfb448 e-flex e-con-boxed e-con e-parent\" data-id=\"dcfb448\" data-element_type=\"container\" data-settings=\"{&quot;background_background&quot;:&quot;classic&quot;,&quot;content_width&quot;:&quot;boxed&quot;}\" data-core-v316-plus=\"true\">\n\t\t\t\t\t<div class=\"e-con-inner\">\n\t\t<div class=\"elementor-element elementor-element-d21b7e0 e-flex e-con-boxed e-con e-child\" data-id=\"d21b7e0\" data-element_type=\"container\" data-settings=\"{&quot;content_width&quot;:&quot;boxed&quot;}\">\n\t\t\t\t\t<div class=\"e-con-inner\">\n\t\t\t\t<div class=\"elementor-element elementor-element-e9fd9dc elementor-widget elementor-widget-heading\" data-id=\"e9fd9dc\" data-element_type=\"widget\" data-widget_type=\"heading.default\">\n\t\t\t\t<div class=\"elementor-widget-container\">\n\t\t\t<style>\/*! elementor - v3.18.0 - 08-12-2023 *\/\n.elementor-heading-title{padding:0;margin:0;line-height:1}.elementor-widget-heading .elementor-heading-title[class*=elementor-size-]>a{color:inherit;font-size:inherit;line-height:inherit}.elementor-widget-heading .elementor-heading-title.elementor-size-small{font-size:15px}.elementor-widget-heading .elementor-heading-title.elementor-size-medium{font-size:19px}.elementor-widget-heading .elementor-heading-title.elementor-size-large{font-size:29px}.elementor-widget-heading .elementor-heading-title.elementor-size-xl{font-size:39px}.elementor-widget-heading .elementor-heading-title.elementor-size-xxl{font-size:59px}<\/style><h1 class=\"elementor-heading-title elementor-size-default\">Qui\u00e9nes Somos<\/h1>\t\t<\/div>\n\t\t\t\t<\/div>\n\t\t\t\t\t<\/div>\n\t\t\t\t<\/div>\n\t\t\t\t\t<\/div>\n\t\t\t\t<\/div>\n\t\t<div class=\"elementor-element elementor-element-500861b e-flex e-con-boxed e-con e-parent\" data-id=\"500861b\" data-element_type=\"container\" data-settings=\"{&quot;content_width&quot;:&quot;boxed&quot;}\" data-core-v316-plus=\"true\">\n\t\t\t\t\t<div class=\"e-con-inner\">\n\t\t<div class=\"elementor-element elementor-element-7dbc6fb e-con-full e-flex e-con e-child\" data-id=\"7dbc6fb\" data-element_type=\"container\" data-settings=\"{&quot;content_width&quot;:&quot;full&quot;}\">\n\t\t\t\t<div class=\"elementor-element elementor-element-6658dc9 elementor-widget elementor-widget-heading\" data-id=\"6658dc9\" data-element_type=\"widget\" data-widget_type=\"heading.default\">\n\t\t\t\t<div class=\"elementor-widget-container\">\n\t\t\t<h4 class=\"elementor-heading-title elementor-size-default\">La Doctora Andrea Halliday y su equipo cuentan con mas de 15 a\u00f1os de experiencia en cirugia pl\u00e1stica reconstructiva y est\u00e9tica. Con cientos de pacientes satisfechos y casos de \u00e9xito, la Dra Halliday es una de las cirujanas pl\u00e1sticas mas reconocidas y mejores preparadas en Colombia.<\/h4>\t\t<\/div>\n\t\t\t\t<\/div>\n\t\t\t\t<div class=\"elementor-element elementor-element-e9a8c1e elementor-widget elementor-widget-image\" data-id=\"e9a8c1e\" data-element_type=\"widget\" data-widget_type=\"image.default\">\n\t\t\t\t<div class=\"elementor-widget-container\">\n\t\t\t<style>\/*! elementor - v3.18.0 - 08-12-2023 *\/\n.elementor-widget-image{text-align:center}.elementor-widget-image a{display:inline-block}.elementor-widget-image a img[src$=\".svg\"]{width:48px}.elementor-widget-image img{vertical-align:middle;display:inline-block}<\/style>\t\t\t\t\t\t\t\t\t\t\t\t<img fetchpriority=\"high\" decoding=\"async\" width=\"1418\" height=\"1504\" src=\"https:\/\/cirugiaplasticabogota.co\/wp-content\/uploads\/2023\/12\/Screenshot-2023-12-17-at-06.57.23.png\" class=\"attachment-full size-full wp-image-1774\" alt=\"\" srcset=\"https:\/\/cirugiaplasticabogota.co\/wp-content\/uploads\/2023\/12\/Screenshot-2023-12-17-at-06.57.23.png 1418w, https:\/\/cirugiaplasticabogota.co\/wp-content\/uploads\/2023\/12\/Screenshot-2023-12-17-at-06.57.23-283x300.png 283w, https:\/\/cirugiaplasticabogota.co\/wp-content\/uploads\/2023\/12\/Screenshot-2023-12-17-at-06.57.23-965x1024.png 965w, https:\/\/cirugiaplasticabogota.co\/wp-content\/uploads\/2023\/12\/Screenshot-2023-12-17-at-06.57.23-768x815.png 768w\" sizes=\"(max-width: 1418px) 100vw, 1418px\" \/>\t\t\t\t\t\t\t\t\t\t\t\t\t\t\t<\/div>\n\t\t\t\t<\/div>\n\t\t<div class=\"elementor-element elementor-element-51b695b e-flex e-con-boxed e-con e-child\" data-id=\"51b695b\" data-element_type=\"container\" data-settings=\"{&quot;content_width&quot;:&quot;boxed&quot;}\">\n\t\t\t\t\t<div class=\"e-con-inner\">\n\t\t<div class=\"elementor-element elementor-element-bda37a0 e-flex e-con-boxed e-con e-child\" data-id=\"bda37a0\" data-element_type=\"container\" data-settings=\"{&quot;content_width&quot;:&quot;boxed&quot;}\">\n\t\t\t\t\t<div class=\"e-con-inner\">\n\t\t\t\t<div class=\"elementor-element elementor-element-6d20ef0 elementor-widget elementor-widget-heading\" data-id=\"6d20ef0\" data-element_type=\"widget\" data-widget_type=\"heading.default\">\n\t\t\t\t<div class=\"elementor-widget-container\">\n\t\t\t<h3 class=\"elementor-heading-title elementor-size-default\">Biograf\u00eda<\/h3>\t\t<\/div>\n\t\t\t\t<\/div>\n\t\t\t\t<div class=\"elementor-element elementor-element-91bab08 elementor-widget elementor-widget-text-editor\" data-id=\"91bab08\" data-element_type=\"widget\" data-widget_type=\"text-editor.default\">\n\t\t\t\t<div class=\"elementor-widget-container\">\n\t\t\t<style>\/*! elementor - v3.18.0 - 08-12-2023 *\/\n.elementor-widget-text-editor.elementor-drop-cap-view-stacked .elementor-drop-cap{background-color:#69727d;color:#fff}.elementor-widget-text-editor.elementor-drop-cap-view-framed .elementor-drop-cap{color:#69727d;border:3px solid;background-color:transparent}.elementor-widget-text-editor:not(.elementor-drop-cap-view-default) .elementor-drop-cap{margin-top:8px}.elementor-widget-text-editor:not(.elementor-drop-cap-view-default) .elementor-drop-cap-letter{width:1em;height:1em}.elementor-widget-text-editor .elementor-drop-cap{float:left;text-align:center;line-height:1;font-size:50px}.elementor-widget-text-editor .elementor-drop-cap-letter{display:inline-block}<\/style>\t\t\t\t<p>\u00a0\u00a0La Dra. Andrea Halliday finaliz\u00f3 sus estudios de medicina en 2003 en la Universidad de la Sabana en la ciudad de Bogot\u00e1, obteniendo el t\u00edtulo de Medicina con \u00e9nfasis en Salud P\u00fablica y recibiendo la menci\u00f3n de estudiante distinguida por su desempe\u00f1o acad\u00e9mico.<\/p><p>Posteriormente recibi\u00f3 su formaci\u00f3n como Cirujana Pl\u00e1stica de la Universidad Juan N. Corpas en el Hospital Universitario Cl\u00ednica San Rafael, especialidad que fue complementada con el fellowship de Cirug\u00eda Pl\u00e1stica Oncol\u00f3gica en el Instituto Nacional de Cancerolog\u00eda, obteniendo el t\u00edtulo de la Universidad Militar Nueva Granada.<\/p><p>Viaj\u00f3 a Madrid Espa\u00f1a, teniendo la oportunidad de entrenarse en microcirug\u00eda en el Hospital Universitario Puerta de Hierro. \u00a0Esta formaci\u00f3n y experiencia le confieren la habilidad de mantener los m\u00e1s altos est\u00e1ndares de calidad y seguridad en sus procedimientos est\u00e9ticos y reconstructivos, ofreciendo una atenci\u00f3n integral y una excelente relaci\u00f3n m\u00e9dico-paciente. \u00a0<\/p><p>La Dra. Halliday se mantiene en constante actualizaci\u00f3n cient\u00edfica, asistiendo a cursos, congresos y simposios nacionales e internacionales. Es miembro aspirante de la Sociedad Colombiana de Cirug\u00eda Pl\u00e1stica est\u00e9tica y reconstructiva (SCCP).<\/p><p>Actualmente alterna su pr\u00e1ctica de cirug\u00eda pl\u00e1stica oncol\u00f3gica (reconstrucci\u00f3n facial y reconstrucci\u00f3n mamaria por c\u00e1ncer) en el Centro Nacional de Oncolog\u00eda con su consulta privada en cirug\u00eda pl\u00e1stica est\u00e9tica en Santa Ana Medical Center. \u00a0\u00a0<\/p>\t\t\t\t\t\t<\/div>\n\t\t\t\t<\/div>\n\t\t\t\t\t<\/div>\n\t\t\t\t<\/div>\n\t\t<div class=\"elementor-element elementor-element-8c3d36e e-flex e-con-boxed e-con e-child\" data-id=\"8c3d36e\" data-element_type=\"container\" data-settings=\"{&quot;content_width&quot;:&quot;boxed&quot;}\">\n\t\t\t\t\t<div class=\"e-con-inner\">\n\t\t\t\t<div class=\"elementor-element elementor-element-2061947 elementor-widget elementor-widget-heading\" data-id=\"2061947\" data-element_type=\"widget\" data-widget_type=\"heading.default\">\n\t\t\t\t<div class=\"elementor-widget-container\">\n\t\t\t<h3 class=\"elementor-heading-title elementor-size-default\">Otros estudios y congresos<\/h3>\t\t<\/div>\n\t\t\t\t<\/div>\n\t\t\t\t<div class=\"elementor-element elementor-element-d19c62f elementor-widget elementor-widget-text-editor\" data-id=\"d19c62f\" data-element_type=\"widget\" data-widget_type=\"text-editor.default\">\n\t\t\t\t<div class=\"elementor-widget-container\">\n\t\t\t\t\t\t\t<ul><li>XI Curso Internacional de Cirug\u00eda Pl\u00e1stica Est\u00e9tica. 1-4 septiembre 2016 Santiago de Cali, Colombia \u00a0<\/li><li>III Simposio ISAPS 31 agosto 2016 Santiago de Cali, Colombia\u00a0<\/li><li>IX Seminario de Cirug\u00eda Pl\u00e1stica Rinoplastia Est\u00e9tica y Reconstructiva 12 \u2013 13 mayo 2016 Fundaci\u00f3n Colombiana de Cirug\u00eda Pl\u00e1stica y Reconstructiva Bogot\u00e1, Colombia<\/li><li>SAPS South American Plastic Surgery Meeting 4- 7 mayo 2016 Bogot\u00e1, Colombia \u00a0<\/li><li>Congreso Internacional Atenci\u00f3n Multidisciplinaria en C\u00e1ncer. Instituto Nacional de Cancerolog\u00eda Bogot\u00e1, 25-27 septiembre 2014\u00a0<\/li><li>Precongreso Detecci\u00f3n Temprana del C\u00e1ncer, Urgencias Oncol\u00f3gicas y Cirug\u00eda Reconstructiva. Instituto Nacional de Cancerolog\u00eda Bogot\u00e1, 24 septiembre 2014<\/li><li>3rd International Symposium on Lymphedema Surgical Treatment Barcelona, 5 marzo 2014 Universidat Autonoma de Barcelona<\/li><li>BBM Barcelona Breast Meeting Reconstructive Microsurgery European School, Hospital de la Santa Creu Sant Pau Barcelona, 5 &#8211; 7 marzo 2014 Universidat Autonoma de Barcelona\u00a0<\/li><li>Principios B\u00e1sicos de L\u00e1ser. Universidad San Mart\u00edn \u2013 Dilaser. Bogot\u00e1, 16 Noviembre 2013.\u00a0<\/li><li>XV Congreso Latinoamericano de Rinolog\u00eda y Cirug\u00eda Facial XV Congreso Nacional de Cirug\u00eda Pl\u00e1stica Facial y Rinolog\u00eda \u00a0Sociedad Colombiana de Cirug\u00eda Pl\u00e1stica Facial y Rinolog\u00eda y la Sociedad Latinoamericana de Rinolog\u00eda y Cirug\u00eda Facial. Bogot\u00e1, 5-8 junio de 2013\u00a0<\/li><li>The Aesthetic Meeting 2013 American Society for Aesthetic Plastic Surgery and Aesthetic Surgery Education &amp; Research Foundation New York. \u00a0Abril 11-16 2013<\/li><li>Conceptos Avanzados en el Manejo de Heridas Problem\u00e1ticas. III Curso Internacional del Colegio Americano de Cl\u00ednicos Especializados en Heridas. 9 y 10 de junio de 2012. Bogot\u00e1.<\/li><li>XIX Congreso Federaci\u00f3n Ibero Latinoamericana de Cirug\u00eda Pl\u00e1stica FILACP XVII Curso Internacional de Cirug\u00eda Pl\u00e1stica Est\u00e9tica de la SCCP. Reconstruyamos la est\u00e9tica. 23-26 mayo FILACP 2012. Pereira. Participante: Trabajos libres: Evaluaci\u00f3n Histopatol\u00f3gica de los M\u00e1rgenes de Resecci\u00f3n en Carcinomas Basocelulares. \u00a0<\/li><li>Actualizaci\u00f3n en Melanoma. Instituto Nacional de Cancerolog\u00eda. 13 y 14 abril 2012. Bogot\u00e1.<\/li><li>1er Curso Internacional M\u00e9dico \u2013 Quir\u00fargico de L\u00e1ser Fundaci\u00f3n Universitaria San Mart\u00edn y Sociedad Colombiana de Cirug\u00eda Pl\u00e1stica Est\u00e9tica y Reconstructiva. Bogot\u00e1 24 y 25 febrero 2012.\u00a0<\/li><li>I Curso de Actualizaci\u00f3n para Residentes de Cirug\u00eda Pl\u00e1stica. V Encuentro Nacional de Residentes y Servicios de Cirug\u00eda Pl\u00e1stica. Bogot\u00e1 25 noviembre 2011<\/li><li>II Foro de Expertos en Mama. Cap\u00edtulo de Mamas de la FILACP. El Bistur\u00ed de Oro. Bogot\u00e1, 26 de noviembre de 2011\u00a0<\/li><li>XII Curso Nacional de Cirug\u00eda Pl\u00e1stica Facial y Rinolog\u00eda. Sociedad Colombiana de Cirug\u00eda Pl\u00e1stica Facial y Rinolog\u00eda. Medell\u00edn, 24,25,26 de marzo 2011\u00a0<\/li><li>Seminario AOCMF Reconstrucci\u00f3n de Orbita. AOCMF Latin America. Bogot\u00e1 agosto 5 y 6 2010<\/li><li>Simposio Transplante de Tejido Compuesto. Pontificia Universidad Javeriana. Bogot\u00e1, 21 mayo de 2010<\/li><li>Curso Advanced Burns Life Support. Asociaci\u00f3n Colombiana de Quemados, Fundaci\u00f3n del Quemado. Bogot\u00e1, 8 mayo 2010 \u00a0<\/li><li>\u00a0VI Curso Internacional de Quemaduras y Heridas. Fundaci\u00f3n del Quemado. 6 y 7 mayo 2010. Bogot\u00e1<\/li><li>Curso Laparoscopia Johnson\u2019s &amp; Johnson\u2019s. Enero 26, 27, 30 y 31 de 2006. Bogot\u00e1.\u00a0<\/li><li>BLS, ACLS, Curso B\u00e1sico de Electrocardiograf\u00eda, Universidad el Bosque, Abril 8, 9 y 10 de 2005.<\/li><li>Cirujanos Pl\u00e1sticos Samaritana y Hospital Universitario de la Samaritana, Primer curso de actualizaci\u00f3n de Cirug\u00eda Pl\u00e1stica para m\u00e9dicos generales. Bogot\u00e1 29 y 30 de octubre de 2004. Hotel Bogot\u00e1 Royal.\u00a0<\/li><li>Sociedad Colombiana De Cirug\u00eda Pl\u00e1stica, Est\u00e9tica, Maxilofacial y de la Mano, Primer curso de Labio y Paladar Hendido Manejo Interdisciplinario. Bogot\u00e1, Noviembre 5 y 6 de 2004. Edificio Colsubsidio.<\/li><li>Colegio Colombiano de M\u00e9dicos de Urgencias y HOECHT MARION ROUSELL. Jornadas de Actualizaci\u00f3n: Manejo de Heridas, dolor y l\u00edquidos en urgencias. Bogot\u00e1 21 de octubre de 1999. \u00a0<\/li><\/ul>\t\t\t\t\t\t<\/div>\n\t\t\t\t<\/div>\n\t\t\t\t\t<\/div>\n\t\t\t\t<\/div>\n\t\t\t\t\t<\/div>\n\t\t\t\t<\/div>\n\t\t\t\t<\/div>\n\t\t\t\t\t<\/div>\n\t\t\t\t<\/div>\n\t\t<div class=\"elementor-element elementor-element-fe22c7d e-flex e-con-boxed e-con e-parent\" data-id=\"fe22c7d\" data-element_type=\"container\" data-settings=\"{&quot;content_width&quot;:&quot;boxed&quot;}\" data-core-v316-plus=\"true\">\n\t\t\t\t\t<div class=\"e-con-inner\">\n\t\t<div class=\"elementor-element elementor-element-0ecbbc3 e-con-full e-flex e-con e-child\" data-id=\"0ecbbc3\" data-element_type=\"container\" data-settings=\"{&quot;content_width&quot;:&quot;full&quot;}\">\n\t\t\t\t<div class=\"elementor-element elementor-element-4ec5637 elementor-widget elementor-widget-heading\" data-id=\"4ec5637\" data-element_type=\"widget\" data-widget_type=\"heading.default\">\n\t\t\t\t<div class=\"elementor-widget-container\">\n\t\t\t<h4 class=\"elementor-heading-title elementor-size-default\">Nuestros Valores<\/h4>\t\t<\/div>\n\t\t\t\t<\/div>\n\t\t\t\t<div class=\"elementor-element elementor-element-7392326 elementor-widget elementor-widget-image\" data-id=\"7392326\" data-element_type=\"widget\" data-widget_type=\"image.default\">\n\t\t\t\t<div class=\"elementor-widget-container\">\n\t\t\t\t\t\t\t\t\t\t\t\t\t\t\t<img decoding=\"async\" width=\"1920\" height=\"2560\" src=\"https:\/\/cirugiaplasticabogota.co\/wp-content\/uploads\/2023\/12\/image00008-scaled.jpeg\" class=\"attachment-full size-full wp-image-1655\" alt=\"\" srcset=\"https:\/\/cirugiaplasticabogota.co\/wp-content\/uploads\/2023\/12\/image00008-scaled.jpeg 1920w, https:\/\/cirugiaplasticabogota.co\/wp-content\/uploads\/2023\/12\/image00008-225x300.jpeg 225w, https:\/\/cirugiaplasticabogota.co\/wp-content\/uploads\/2023\/12\/image00008-768x1024.jpeg 768w, https:\/\/cirugiaplasticabogota.co\/wp-content\/uploads\/2023\/12\/image00008-1152x1536.jpeg 1152w, https:\/\/cirugiaplasticabogota.co\/wp-content\/uploads\/2023\/12\/image00008-1536x2048.jpeg 1536w\" sizes=\"(max-width: 1920px) 100vw, 1920px\" \/>\t\t\t\t\t\t\t\t\t\t\t\t\t\t\t<\/div>\n\t\t\t\t<\/div>\n\t\t\t\t<\/div>\n\t\t\t\t\t<\/div>\n\t\t\t\t<\/div>\n\t\t<div class=\"elementor-element elementor-element-ba46aa4 e-flex e-con-boxed e-con e-parent\" data-id=\"ba46aa4\" data-element_type=\"container\" data-settings=\"{&quot;background_background&quot;:&quot;classic&quot;,&quot;content_width&quot;:&quot;boxed&quot;}\" data-core-v316-plus=\"true\">\n\t\t\t\t\t<div class=\"e-con-inner\">\n\t\t<div class=\"elementor-element elementor-element-920e714 e-con-full e-flex e-con e-child\" data-id=\"920e714\" data-element_type=\"container\" data-settings=\"{&quot;content_width&quot;:&quot;full&quot;}\">\n\t\t\t\t<\/div>\n\t\t<div class=\"elementor-element elementor-element-278093d e-con-full e-flex e-con e-child\" data-id=\"278093d\" data-element_type=\"container\" data-settings=\"{&quot;content_width&quot;:&quot;full&quot;}\">\n\t\t\t\t<div class=\"elementor-element elementor-element-de426fa elementor-widget elementor-widget-image\" data-id=\"de426fa\" data-element_type=\"widget\" data-widget_type=\"image.default\">\n\t\t\t\t<div class=\"elementor-widget-container\">\n\t\t\t\t\t\t\t\t\t\t\t\t\t\t\t<img decoding=\"async\" src=\"https:\/\/cirugiaplasticabogota.co\/wp-content\/uploads\/2021\/11\/quotes.svg\" class=\"attachment-full size-full wp-image-117\" alt=\"\" \/>\t\t\t\t\t\t\t\t\t\t\t\t\t\t\t<\/div>\n\t\t\t\t<\/div>\n\t\t\t\t<div class=\"elementor-element elementor-element-d33d545 elementor-widget elementor-widget-heading\" data-id=\"d33d545\" data-element_type=\"widget\" data-widget_type=\"heading.default\">\n\t\t\t\t<div class=\"elementor-widget-container\">\n\t\t\t<h4 class=\"elementor-heading-title elementor-size-default\">\u201cDespu\u00e9s de mi embarazo, mi cuerpo cambi\u00f3 mucho y no me gustaba como me ve\u00eda en el espejo. La Dra Andrea con sus manos m\u00e1gicas me devolvi\u00f3 la confianza en mi misma y me siento m\u00e1s linda que nunca.\u201d<\/h4>\t\t<\/div>\n\t\t\t\t<\/div>\n\t\t\t\t<div class=\"elementor-element elementor-element-2c4a1c4 elementor-widget elementor-widget-image\" data-id=\"2c4a1c4\" data-element_type=\"widget\" data-widget_type=\"image.default\">\n\t\t\t\t<div class=\"elementor-widget-container\">\n\t\t\t\t\t\t\t\t\t\t\t\t\t\t\t<img decoding=\"async\" width=\"128\" height=\"128\" src=\"https:\/\/cirugiaplasticabogota.co\/wp-content\/uploads\/2021\/11\/avatar_on_about.png\" class=\"attachment-full size-full wp-image-925\" alt=\"\" \/>\t\t\t\t\t\t\t\t\t\t\t\t\t\t\t<\/div>\n\t\t\t\t<\/div>\n\t\t\t\t<div class=\"elementor-element elementor-element-b575944 elementor-widget elementor-widget-text-editor\" data-id=\"b575944\" data-element_type=\"widget\" data-widget_type=\"text-editor.default\">\n\t\t\t\t<div class=\"elementor-widget-container\">\n\t\t\t\t\t\t\t<p>Catalina Gomez<\/p>\t\t\t\t\t\t<\/div>\n\t\t\t\t<\/div>\n\t\t\t\t<\/div>\n\t\t<div class=\"elementor-element elementor-element-0bd015f e-con-full e-flex e-con e-child\" data-id=\"0bd015f\" data-element_type=\"container\" data-settings=\"{&quot;content_width&quot;:&quot;full&quot;}\">\n\t\t\t\t<\/div>\n\t\t\t\t\t<\/div>\n\t\t\t\t<\/div>\n\t\t\t\t\t\t\t<\/div>\n\t\t","protected":false},"excerpt":{"rendered":"<p>Qui\u00e9nes Somos La Doctora Andrea Halliday y su equipo cuentan con mas de 15 a\u00f1os de experiencia en cirugia pl\u00e1stica reconstructiva y est\u00e9tica. Con cientos de pacientes satisfechos y casos de \u00e9xito, la Dra Halliday es una de las cirujanas pl\u00e1sticas mas reconocidas y mejores preparadas en Colombia. Biograf\u00eda \u00a0\u00a0La Dra. Andrea Halliday finaliz\u00f3 sus &hellip;<\/p>\n<p class=\"read-more\"> <a class=\"\" href=\"https:\/\/cirugiaplasticabogota.co\/?page_id=1319\"> <span class=\"screen-reader-text\">About<\/span> Read More &raquo;<\/a><\/p>\n","protected":false},"author":1,"featured_media":0,"parent":0,"menu_order":0,"comment_status":"closed","ping_status":"closed","template":"","meta":{"site-sidebar-layout":"no-sidebar","site-content-layout":"page-builder","ast-site-content-layout":"","site-content-style":"default","site-sidebar-style":"default","ast-global-header-display":"","ast-banner-title-visibility":"","ast-main-header-display":"","ast-hfb-above-header-display":"","ast-hfb-below-header-display":"","ast-hfb-mobile-header-display":"","site-post-title":"disabled","ast-breadcrumbs-content":"","ast-featured-img":"disabled","footer-sml-layout":"","theme-transparent-header-meta":"enabled","adv-header-id-meta":"","stick-header-meta":"","header-above-stick-meta":"","header-main-stick-meta":"","header-below-stick-meta":"","astra-migrate-meta-layouts":"default","ast-page-background-enabled":"default","ast-page-background-meta":{"desktop":{"background-color":"var(--ast-global-color-4)","background-image":"","background-repeat":"repeat","background-position":"center center","background-size":"auto","background-attachment":"scroll","background-type":"","background-media":"","overlay-type":"","overlay-color":"","overlay-gradient":""},"tablet":{"background-color":"","background-image":"","background-repeat":"repeat","background-position":"center center","background-size":"auto","background-attachment":"scroll","background-type":"","background-media":"","overlay-type":"","overlay-color":"","overlay-gradient":""},"mobile":{"background-color":"","background-image":"","background-repeat":"repeat","background-position":"center center","background-size":"auto","background-attachment":"scroll","background-type":"","background-media":"","overlay-type":"","overlay-color":"","overlay-gradient":""}},"ast-content-background-meta":{"desktop":{"background-color":"var(--ast-global-color-5)","background-image":"","background-repeat":"repeat","background-position":"center center","background-size":"auto","background-attachment":"scroll","background-type":"","background-media":"","overlay-type":"","overlay-color":"","overlay-gradient":""},"tablet":{"background-color":"var(--ast-global-color-5)","background-image":"","background-repeat":"repeat","background-position":"center center","background-size":"auto","background-attachment":"scroll","background-type":"","background-media":"","overlay-type":"","overlay-color":"","overlay-gradient":""},"mobile":{"background-color":"var(--ast-global-color-5)","background-image":"","background-repeat":"repeat","background-position":"center center","background-size":"auto","background-attachment":"scroll","background-type":"","background-media":"","overlay-type":"","overlay-color":"","overlay-gradient":""}},"footnotes":""},"_links":{"self":[{"href":"https:\/\/cirugiaplasticabogota.co\/index.php?rest_route=\/wp\/v2\/pages\/1319"}],"collection":[{"href":"https:\/\/cirugiaplasticabogota.co\/index.php?rest_route=\/wp\/v2\/pages"}],"about":[{"href":"https:\/\/cirugiaplasticabogota.co\/index.php?rest_route=\/wp\/v2\/types\/page"}],"author":[{"embeddable":true,"href":"https:\/\/cirugiaplasticabogota.co\/index.php?rest_route=\/wp\/v2\/users\/1"}],"replies":[{"embeddable":true,"href":"https:\/\/cirugiaplasticabogota.co\/index.php?rest_route=%2Fwp%2Fv2%2Fcomments&post=1319"}],"version-history":[{"count":45,"href":"https:\/\/cirugiaplasticabogota.co\/index.php?rest_route=\/wp\/v2\/pages\/1319\/revisions"}],"predecessor-version":[{"id":1801,"href":"https:\/\/cirugiaplasticabogota.co\/index.php?rest_route=\/wp\/v2\/pages\/1319\/revisions\/1801"}],"wp:attachment":[{"href":"https:\/\/cirugiaplasticabogota.co\/index.php?rest_route=%2Fwp%2Fv2%2Fmedia&parent=1319"}],"curies":[{"name":"wp","href":"https:\/\/api.w.org\/{rel}","templated":true}]}}